{"id":278,"date":"2019-04-05T06:16:12","date_gmt":"2019-04-05T06:16:12","guid":{"rendered":"http:\/\/www.inoteq.fr\/?page_id=278"},"modified":"2019-04-05T06:16:42","modified_gmt":"2019-04-05T06:16:42","slug":"installations-clef-en-main","status":"publish","type":"page","link":"https:\/\/www.inoteq.fr\/fr\/prestation\/installations-clef-en-main\/","title":{"rendered":"Installations clef en main"},"content":{"rendered":"<div id='av_section_1'  class='avia-section av-509xs-fbfbdc570cfe18d8bf13f98db00a6a7e main_color avia-section-default avia-no-shadow  avia-builder-el-0  el_before_av_section  avia-builder-el-first  avia-bg-style-scroll container_wrap sidebar_right'  ><div class='container av-section-cont-open' ><main  role=\"main\" itemprop=\"mainContentOfPage\"  class='template-page content  av-content-small alpha units'><div class='post-entry post-entry-type-page post-entry-278'><div class='entry-content-wrapper clearfix'>\n\n<style type=\"text\/css\" data-created_by=\"avia_inline_auto\" id=\"style-css-av-ju3ocdem-f190f0f8708fe08d9a4d8c96bb8f02ad\">\n#top .av-special-heading.av-ju3ocdem-f190f0f8708fe08d9a4d8c96bb8f02ad{\npadding-bottom:10px;\n}\nbody .av-special-heading.av-ju3ocdem-f190f0f8708fe08d9a4d8c96bb8f02ad .av-special-heading-tag .heading-char{\nfont-size:25px;\n}\n.av-special-heading.av-ju3ocdem-f190f0f8708fe08d9a4d8c96bb8f02ad .av-subheading{\nfont-size:15px;\n}\n<\/style>\n<div  class='av-special-heading av-ju3ocdem-f190f0f8708fe08d9a4d8c96bb8f02ad av-special-heading-h2 blockquote modern-quote  avia-builder-el-1  el_before_av_one_half  avia-builder-el-first '><h2 class='av-special-heading-tag '  itemprop=\"headline\"  >Installations clef en main<\/h2><div class=\"special-heading-border\"><div class=\"special-heading-inner-border\"><\/div><\/div><\/div>\n\n<style type=\"text\/css\" data-created_by=\"avia_inline_auto\" id=\"style-css-av-dm25o-6780266330e9fd3dde1efd78cce0a26f\">\n.flex_column.av-dm25o-6780266330e9fd3dde1efd78cce0a26f{\nborder-radius:0px 0px 0px 0px;\npadding:0px 0px 0px 0px;\n}\n<\/style>\n<div  class='flex_column av-dm25o-6780266330e9fd3dde1efd78cce0a26f av_one_half  avia-builder-el-2  el_after_av_heading  el_before_av_one_half  first flex_column_div av-zero-column-padding  '     ><section  class='av_textblock_section av-jsa9mv6f-d72d958d4e9ee2b7175c92667ea3fc00 '   itemscope=\"itemscope\" itemtype=\"https:\/\/schema.org\/CreativeWork\" ><div class='avia_textblock'  itemprop=\"text\" ><p><strong>INOTEQ<\/strong> est sp\u00e9cialis\u00e9e dans la manutention m\u00e9canique &amp; pneumatique des produits en vrac. De la conception jusqu\u2019\u00e0 la r\u00e9alisation des projets, ainsi que durant toute la vie de l\u2019installation, <strong>INOTEQ<\/strong> est un partenaire comp\u00e9tent au service de ces clients. Notre exp\u00e9rience, bas\u00e9e sur 30 ann\u00e9es d&rsquo;expertises et d\u2019ing\u00e9nierie, notre personnel hautement qualifi\u00e9 et l\u2019utilisation d\u2019outils de conception et de d\u00e9veloppement ainsi que notre propre fabrication nous permettent de r\u00e9aliser une gestion de projets de haute qualit\u00e9 pour nos clients.<\/p>\n<\/div><\/section><\/div>\n<style type=\"text\/css\" data-created_by=\"avia_inline_auto\" id=\"style-css-av-apdn0-5486cb9eff7e8754bfd4b6fba76c1f02\">\n.flex_column.av-apdn0-5486cb9eff7e8754bfd4b6fba76c1f02{\nborder-radius:0px 0px 0px 0px;\npadding:0px 0px 0px 0px;\n}\n<\/style>\n<div  class='flex_column av-apdn0-5486cb9eff7e8754bfd4b6fba76c1f02 av_one_half  avia-builder-el-4  el_after_av_one_half  avia-builder-el-last  flex_column_div av-zero-column-padding  '     ><p>\n<style type=\"text\/css\" data-created_by=\"avia_inline_auto\" id=\"style-css-av-ju3ockez-a9d94468d8ccff048eceb3bdb41a95c6\">\n#top .av-special-heading.av-ju3ockez-a9d94468d8ccff048eceb3bdb41a95c6{\npadding-bottom:10px;\n}\nbody .av-special-heading.av-ju3ockez-a9d94468d8ccff048eceb3bdb41a95c6 .av-special-heading-tag .heading-char{\nfont-size:25px;\n}\n.av-special-heading.av-ju3ockez-a9d94468d8ccff048eceb3bdb41a95c6 .av-subheading{\nfont-size:15px;\n}\n<\/style>\n<div  class='av-special-heading av-ju3ockez-a9d94468d8ccff048eceb3bdb41a95c6 av-special-heading-h3 blockquote modern-quote  avia-builder-el-5  el_before_av_image  avia-builder-el-first '><h3 class='av-special-heading-tag '  itemprop=\"headline\"  >Manutention m\u00e9canique <span class='special_amp'>&amp;<\/span> pneumatique des produits en vrac<\/h3><div class=\"special-heading-border\"><div class=\"special-heading-inner-border\"><\/div><\/div><\/div><br \/>\n\n<style type=\"text\/css\" data-created_by=\"avia_inline_auto\" id=\"style-css-av-ju3nqgjk-91f7a42dc575307a1a073f5c0e923427\">\n.avia-image-container.av-ju3nqgjk-91f7a42dc575307a1a073f5c0e923427 img.avia_image{\nbox-shadow:none;\n}\n.avia-image-container.av-ju3nqgjk-91f7a42dc575307a1a073f5c0e923427 .av-image-caption-overlay-center{\ncolor:#ffffff;\n}\n<\/style>\n<div  class='avia-image-container av-ju3nqgjk-91f7a42dc575307a1a073f5c0e923427 av-styling- avia-align-center  avia-builder-el-6  el_after_av_heading  avia-builder-el-last '   itemprop=\"image\" itemscope=\"itemscope\" itemtype=\"https:\/\/schema.org\/ImageObject\" ><div class=\"avia-image-container-inner\"><div class=\"avia-image-overlay-wrap\"><img fetchpriority=\"high\" class='wp-image-239 avia-img-lazy-loading-not-239 avia_image ' src='https:\/\/edtkg8gjuxx.exactdn.com\/wp-content\/uploads\/2019\/04\/anlagenbau-1030x642.png?strip=all&fit=1030%2C642' alt='' title='anlagenbau'  height=\"642\" width=\"1030\"  itemprop=\"thumbnailUrl\"  \/><\/div><\/div><\/div><\/p><\/div>\n\n<\/div><\/div><\/main><!-- close content main element --><\/div><\/div>\n<style type=\"text\/css\" data-created_by=\"avia_inline_auto\" id=\"style-css-av-4k0g0-d35d7297d7e07888a58963467b1f24a0\">\n.avia-section.av-4k0g0-d35d7297d7e07888a58963467b1f24a0{\nbackground-color:#efefef;\nbackground-image:unset;\n}\n<\/style>\n<div id='av_section_2'  class='avia-section av-4k0g0-d35d7297d7e07888a58963467b1f24a0 main_color avia-section-default avia-no-shadow  avia-builder-el-7  el_after_av_section  el_before_av_section  avia-bg-style-scroll container_wrap sidebar_right'  ><div class='container av-section-cont-open' ><div class='template-page content  av-content-small alpha units'><div class='post-entry post-entry-type-page post-entry-278'><div class='entry-content-wrapper clearfix'>\n\n<style type=\"text\/css\" data-created_by=\"avia_inline_auto\" id=\"style-css-av-44gvk-8cb7c002583cee72d34babf7cffc8401\">\n.flex_column.av-44gvk-8cb7c002583cee72d34babf7cffc8401{\nborder-radius:0px 0px 0px 0px;\npadding:0px 0px 0px 0px;\n}\n<\/style>\n<div  class='flex_column av-44gvk-8cb7c002583cee72d34babf7cffc8401 av_one_half  avia-builder-el-8  el_before_av_one_half  avia-builder-el-first  first flex_column_div av-zero-column-padding  '     ><p>\n<style type=\"text\/css\" data-created_by=\"avia_inline_auto\" id=\"style-css-av-ju3od6jn-4657dc555fc5e212e8bfa0f93f4c2899\">\n#top .av-special-heading.av-ju3od6jn-4657dc555fc5e212e8bfa0f93f4c2899{\npadding-bottom:10px;\n}\nbody .av-special-heading.av-ju3od6jn-4657dc555fc5e212e8bfa0f93f4c2899 .av-special-heading-tag .heading-char{\nfont-size:25px;\n}\n.av-special-heading.av-ju3od6jn-4657dc555fc5e212e8bfa0f93f4c2899 .av-subheading{\nfont-size:15px;\n}\n<\/style>\n<div  class='av-special-heading av-ju3od6jn-4657dc555fc5e212e8bfa0f93f4c2899 av-special-heading-h3 blockquote modern-quote  avia-builder-el-9  el_before_av_textblock  avia-builder-el-first '><h3 class='av-special-heading-tag '  itemprop=\"headline\"  >Inclef en main stallations<\/h3><div class=\"special-heading-border\"><div class=\"special-heading-inner-border\"><\/div><\/div><\/div><br \/>\n<section  class='av_textblock_section av-ju3niwj3-8ec664fdbe8310f84f1c3895faf610e7 '   itemscope=\"itemscope\" itemtype=\"https:\/\/schema.org\/CreativeWork\" ><div class='avia_textblock'  itemprop=\"text\" ><p>La fiabilit\u00e9 de la cha\u00eene de manutention des produits \u00e0 manipul\u00e9s dans une installation industrielle demande des exigences \u00e9lev\u00e9es sur le mat\u00e9riel et sur l&rsquo;ex\u00e9cution technique des technologies utilis\u00e9 .<\/p>\n<p>INOTEQ est active dans le domaine de l\u2019environnement notamment dans le secteur des usine d&rsquo;incin\u00e9ration des ordures m\u00e9nag\u00e8res mais aussi dans les domaines de la cimenterie, des mat\u00e9riaux de construction, de la fonderie, et de la biomasse.<\/p>\n<p>Avec nos concepts sur mesure nous vous garantissons des solutions de haute qualit\u00e9 parfaitement adapt\u00e9es aux besoin de nos clients.<\/p>\n<\/div><\/section><br \/>\n\n<style type=\"text\/css\" data-created_by=\"avia_inline_auto\" id=\"style-css-av-ju3nqgjk-12593674fd51b9f8285099509cdc3512\">\n.avia-image-container.av-ju3nqgjk-12593674fd51b9f8285099509cdc3512 img.avia_image{\nbox-shadow:none;\n}\n.avia-image-container.av-ju3nqgjk-12593674fd51b9f8285099509cdc3512 .av-image-caption-overlay-center{\ncolor:#ffffff;\n}\n<\/style>\n<div  class='avia-image-container av-ju3nqgjk-12593674fd51b9f8285099509cdc3512 av-styling- avia-align-left  avia-builder-el-11  el_after_av_textblock  avia-builder-el-last '   itemprop=\"image\" itemscope=\"itemscope\" itemtype=\"https:\/\/schema.org\/ImageObject\" ><div class=\"avia-image-container-inner\"><div class=\"avia-image-overlay-wrap\"><img fetchpriority=\"high\" class='wp-image-245 avia-img-lazy-loading-not-245 avia_image ' src='https:\/\/edtkg8gjuxx.exactdn.com\/wp-content\/uploads\/2019\/04\/anlagenbau2-300x208.jpg?strip=all&fit=300%2C208' alt='' title='anlagenbau2'  height=\"208\" width=\"300\"  itemprop=\"thumbnailUrl\"  \/><\/div><\/div><\/div><\/p><\/div>\n<style type=\"text\/css\" data-created_by=\"avia_inline_auto\" id=\"style-css-av-44gvk-47d04058741100a0ece126508d369def\">\n.flex_column.av-44gvk-47d04058741100a0ece126508d369def{\nborder-radius:0px 0px 0px 0px;\npadding:0px 0px 0px 0px;\n}\n<\/style>\n<div  class='flex_column av-44gvk-47d04058741100a0ece126508d369def av_one_half  avia-builder-el-12  el_after_av_one_half  avia-builder-el-last  flex_column_div av-zero-column-padding  '     ><p>\n<style type=\"text\/css\" data-created_by=\"avia_inline_auto\" id=\"style-css-av-ju3odjrw-c48b18259843829ca5c012fb9f2d5cd7\">\n#top .av-special-heading.av-ju3odjrw-c48b18259843829ca5c012fb9f2d5cd7{\npadding-bottom:10px;\n}\nbody .av-special-heading.av-ju3odjrw-c48b18259843829ca5c012fb9f2d5cd7 .av-special-heading-tag .heading-char{\nfont-size:25px;\n}\n.av-special-heading.av-ju3odjrw-c48b18259843829ca5c012fb9f2d5cd7 .av-subheading{\nfont-size:15px;\n}\n<\/style>\n<div  class='av-special-heading av-ju3odjrw-c48b18259843829ca5c012fb9f2d5cd7 av-special-heading-h3 blockquote modern-quote  avia-builder-el-13  el_before_av_textblock  avia-builder-el-first '><h3 class='av-special-heading-tag '  itemprop=\"headline\"  >R\u00e9habilitations d\u2019installations<\/h3><div class=\"special-heading-border\"><div class=\"special-heading-inner-border\"><\/div><\/div><\/div><br \/>\n<section  class='av_textblock_section av-ju3nj57e-20de280ca37f237be497e3bab10696e8 '   itemscope=\"itemscope\" itemtype=\"https:\/\/schema.org\/CreativeWork\" ><div class='avia_textblock'  itemprop=\"text\" ><p>INOTEQ am\u00e9liore et modernise les performances des vos installations de manutention pour en diminuer le co\u00fbt d&rsquo;exploitation, les rendre conformes aux normes environnementales, assurant ainsi \u00e0 nos clients:<\/p>\n<ul>\n<li>la continuit\u00e9 de production<\/li>\n<li>une disponibilit\u00e9 am\u00e9lior\u00e9e<\/li>\n<li>des couts d\u2019exploitation r\u00e9duit<\/li>\n<\/ul>\n<p>Notre propre fabrication nous permet de r\u00e9aliser des pi\u00e8ces sur mesures et selon vos crit\u00e8res dans de tr\u00e8s courts d\u00e9lais.<\/p>\n<\/div><\/section><br \/>\n\n<style type=\"text\/css\" data-created_by=\"avia_inline_auto\" id=\"style-css-av-ju3nqgjk-a93d0912f5301301a2645eea8b937fcf\">\n.avia-image-container.av-ju3nqgjk-a93d0912f5301301a2645eea8b937fcf img.avia_image{\nbox-shadow:none;\n}\n.avia-image-container.av-ju3nqgjk-a93d0912f5301301a2645eea8b937fcf .av-image-caption-overlay-center{\ncolor:#ffffff;\n}\n<\/style>\n<div  class='avia-image-container av-ju3nqgjk-a93d0912f5301301a2645eea8b937fcf av-styling- avia-align-left  avia-builder-el-15  el_after_av_textblock  avia-builder-el-last '   itemprop=\"image\" itemscope=\"itemscope\" itemtype=\"https:\/\/schema.org\/ImageObject\" ><div class=\"avia-image-container-inner\"><div class=\"avia-image-overlay-wrap\"><img fetchpriority=\"high\" class='wp-image-248 avia-img-lazy-loading-not-248 avia_image ' src='https:\/\/edtkg8gjuxx.exactdn.com\/wp-content\/uploads\/2019\/04\/sanierung.jpg?strip=all&fit=285%2C205' alt='' title='sanierung'  height=\"205\" width=\"285\"  itemprop=\"thumbnailUrl\"  \/><\/div><\/div><\/div><\/p><\/div>\n\n<\/div><\/div><\/div><!-- close content main div --><\/div><\/div><div id='av_section_3'  class='avia-section av-509xs-fbfbdc570cfe18d8bf13f98db00a6a7e main_color avia-section-default avia-no-shadow  avia-builder-el-16  el_after_av_section  avia-builder-el-last  avia-bg-style-scroll container_wrap sidebar_right'  ><div class='container av-section-cont-open' ><div class='template-page content  av-content-small alpha units'><div class='post-entry post-entry-type-page post-entry-278'><div class='entry-content-wrapper clearfix'>\n\n<style type=\"text\/css\" data-created_by=\"avia_inline_auto\" id=\"style-css-av-apdn0-b3127420bbaa829ab98a2a53af1737b1\">\n.flex_column.av-apdn0-b3127420bbaa829ab98a2a53af1737b1{\nborder-radius:0px 0px 0px 0px;\npadding:0px 0px 0px 0px;\n}\n<\/style>\n<div  class='flex_column av-apdn0-b3127420bbaa829ab98a2a53af1737b1 av_one_half  avia-builder-el-17  el_before_av_one_half  avia-builder-el-first  first flex_column_div av-zero-column-padding  '     ><p>\n<style type=\"text\/css\" data-created_by=\"avia_inline_auto\" id=\"style-css-av-av_heading-a28b27affa9971fbb12453480415a7a3\">\n#top .av-special-heading.av-av_heading-a28b27affa9971fbb12453480415a7a3{\npadding-bottom:10px;\n}\nbody .av-special-heading.av-av_heading-a28b27affa9971fbb12453480415a7a3 .av-special-heading-tag .heading-char{\nfont-size:25px;\n}\n.av-special-heading.av-av_heading-a28b27affa9971fbb12453480415a7a3 .av-subheading{\nfont-size:15px;\n}\n<\/style>\n<div  class='av-special-heading av-av_heading-a28b27affa9971fbb12453480415a7a3 av-special-heading-h3 blockquote modern-quote  avia-builder-el-18  el_before_av_textblock  avia-builder-el-first '><h3 class='av-special-heading-tag '  itemprop=\"headline\"  >Service et maintenance<\/h3><div class=\"special-heading-border\"><div class=\"special-heading-inner-border\"><\/div><\/div><\/div><br \/>\n<section  class='av_textblock_section av-ju3niwj3-8ec664fdbe8310f84f1c3895faf610e7 '   itemscope=\"itemscope\" itemtype=\"https:\/\/schema.org\/CreativeWork\" ><div class='avia_textblock'  itemprop=\"text\" ><p>Les pi\u00e8ces de rechanges pour une usine thermique ou le mat\u00e9riel soumis \u00e0 de fortes contraintes m\u00e9canique et thermique est un poste tr\u00e8s important. Peser les risques par rapport aux couts des pi\u00e8ces stock\u00e9e en magasin et le manque de pi\u00e8ces en cas de panne emp\u00eachant le red\u00e9marrage, sont les enjeux que tout chef d\u2019exploitation est confront\u00e9 en permanence<\/p>\n<p>INOTEQ se propose de faire une inspection rapide avec vous et d\u00e9terminer les pi\u00e8ces vraiment n\u00e9cessaires pour garantir la p\u00e9rennit\u00e9 de votre installation.<\/p>\n<\/div><\/section><\/p><\/div>\n<style type=\"text\/css\" data-created_by=\"avia_inline_auto\" id=\"style-css-av-apdn0-5486cb9eff7e8754bfd4b6fba76c1f02\">\n.flex_column.av-apdn0-5486cb9eff7e8754bfd4b6fba76c1f02{\nborder-radius:0px 0px 0px 0px;\npadding:0px 0px 0px 0px;\n}\n<\/style>\n<div  class='flex_column av-apdn0-5486cb9eff7e8754bfd4b6fba76c1f02 av_one_half  avia-builder-el-20  el_after_av_one_half  avia-builder-el-last  flex_column_div av-zero-column-padding  '     ><style type=\"text\/css\" data-created_by=\"avia_inline_auto\" id=\"style-css-av-ju3nqgjk-5ff08b7f12caffba0217314ccd7c52b0\">\n.avia-image-container.av-ju3nqgjk-5ff08b7f12caffba0217314ccd7c52b0 img.avia_image{\nbox-shadow:none;\n}\n.avia-image-container.av-ju3nqgjk-5ff08b7f12caffba0217314ccd7c52b0 .av-image-caption-overlay-center{\ncolor:#ffffff;\n}\n<\/style>\n<div  class='avia-image-container av-ju3nqgjk-5ff08b7f12caffba0217314ccd7c52b0 av-styling- avia-align-left  avia-builder-el-21  avia-builder-el-no-sibling '   itemprop=\"image\" itemscope=\"itemscope\" itemtype=\"https:\/\/schema.org\/ImageObject\" ><div class=\"avia-image-container-inner\"><div class=\"avia-image-overlay-wrap\"><img fetchpriority=\"high\" class='wp-image-257 avia-img-lazy-loading-not-257 avia_image ' src='https:\/\/edtkg8gjuxx.exactdn.com\/wp-content\/uploads\/2019\/04\/Instandhaltung.jpg?strip=all&fit=254%2C191' alt='' title='Instandhaltung'  height=\"191\" width=\"254\"  itemprop=\"thumbnailUrl\"  \/><\/div><\/div><\/div><\/div><\/div><\/div><\/div><!-- close content main div --><\/div><\/div><div id='after_section_3'  class='main_color av_default_container_wrap container_wrap sidebar_right'  ><div class='container av-section-cont-open' ><div class='template-page content  av-content-small alpha units'><div class='post-entry post-entry-type-page post-entry-278'><div class='entry-content-wrapper clearfix'>\n","protected":false},"excerpt":{"rendered":"","protected":false},"author":1,"featured_media":0,"parent":259,"menu_order":0,"comment_status":"closed","ping_status":"closed","template":"","meta":{"footnotes":""},"class_list":["post-278","page","type-page","status-publish","hentry"],"_links":{"self":[{"href":"https:\/\/www.inoteq.fr\/fr\/wp-json\/wp\/v2\/pages\/278"}],"collection":[{"href":"https:\/\/www.inoteq.fr\/fr\/wp-json\/wp\/v2\/pages"}],"about":[{"href":"https:\/\/www.inoteq.fr\/fr\/wp-json\/wp\/v2\/types\/page"}],"author":[{"embeddable":true,"href":"https:\/\/www.inoteq.fr\/fr\/wp-json\/wp\/v2\/users\/1"}],"replies":[{"embeddable":true,"href":"https:\/\/www.inoteq.fr\/fr\/wp-json\/wp\/v2\/comments?post=278"}],"version-history":[{"count":4,"href":"https:\/\/www.inoteq.fr\/fr\/wp-json\/wp\/v2\/pages\/278\/revisions"}],"predecessor-version":[{"id":281,"href":"https:\/\/www.inoteq.fr\/fr\/wp-json\/wp\/v2\/pages\/278\/revisions\/281"}],"up":[{"embeddable":true,"href":"https:\/\/www.inoteq.fr\/fr\/wp-json\/wp\/v2\/pages\/259"}],"wp:attachment":[{"href":"https:\/\/www.inoteq.fr\/fr\/wp-json\/wp\/v2\/media?parent=278"}],"curies":[{"name":"wp","href":"https:\/\/api.w.org\/{rel}","templated":true}]}}