{"id":236,"date":"2019-04-05T06:01:56","date_gmt":"2019-04-05T06:01:56","guid":{"rendered":"http:\/\/www.inoteq.fr\/?page_id=236"},"modified":"2019-04-15T06:32:37","modified_gmt":"2019-04-15T06:32:37","slug":"anlagenbau","status":"publish","type":"page","link":"https:\/\/www.inoteq.fr\/de\/dienstleistungen\/anlagenbau\/","title":{"rendered":"Anlagenbau"},"content":{"rendered":"<div id='av_section_1'  class='avia-section av-509xs-fbfbdc570cfe18d8bf13f98db00a6a7e main_color avia-section-default avia-no-shadow  avia-builder-el-0  el_before_av_section  avia-builder-el-first  avia-bg-style-scroll container_wrap sidebar_right'  ><div class='container av-section-cont-open' ><main  role=\"main\" itemprop=\"mainContentOfPage\"  class='template-page content  av-content-small alpha units'><div class='post-entry post-entry-type-page post-entry-236'><div class='entry-content-wrapper clearfix'>\n\n<style type=\"text\/css\" data-created_by=\"avia_inline_auto\" id=\"style-css-av-av_heading-b341dbaa73b40d96b1d9a6c36a44961d\">\n#top .av-special-heading.av-av_heading-b341dbaa73b40d96b1d9a6c36a44961d{\npadding-bottom:10px;\n}\nbody .av-special-heading.av-av_heading-b341dbaa73b40d96b1d9a6c36a44961d .av-special-heading-tag .heading-char{\nfont-size:25px;\n}\n.av-special-heading.av-av_heading-b341dbaa73b40d96b1d9a6c36a44961d .av-subheading{\nfont-size:15px;\n}\n<\/style>\n<div  class='av-special-heading av-av_heading-b341dbaa73b40d96b1d9a6c36a44961d av-special-heading-h2 blockquote modern-quote  avia-builder-el-1  el_before_av_one_half  avia-builder-el-first '><h2 class='av-special-heading-tag '  itemprop=\"headline\"  >Anlagenbau<\/h2><div class=\"special-heading-border\"><div class=\"special-heading-inner-border\"><\/div><\/div><\/div>\n\n<style type=\"text\/css\" data-created_by=\"avia_inline_auto\" id=\"style-css-av-dm25o-6780266330e9fd3dde1efd78cce0a26f\">\n.flex_column.av-dm25o-6780266330e9fd3dde1efd78cce0a26f{\nborder-radius:0px 0px 0px 0px;\npadding:0px 0px 0px 0px;\n}\n<\/style>\n<div  class='flex_column av-dm25o-6780266330e9fd3dde1efd78cce0a26f av_one_half  avia-builder-el-2  el_after_av_heading  el_before_av_one_half  first flex_column_div av-zero-column-padding  '     ><section  class='av_textblock_section av-jsa9mv6f-d72d958d4e9ee2b7175c92667ea3fc00 '   itemscope=\"itemscope\" itemtype=\"https:\/\/schema.org\/CreativeWork\" ><div class='avia_textblock'  itemprop=\"text\" ><p>Die <strong>INOTEQ<\/strong> ist spezialisiert auf mechanische und pneumatische F\u00f6rdertechnik. Dabei bieten wir neben dem Unterhalt bereits bestehender Systeme auch Teil- und Komplettl\u00f6sungen im Anlagenbau an. Die eigene Fertigung erm\u00f6glicht Spezialfertigungen und kurze Produktionswege. Mit \u00fcber 30 Jahren an Erfahrung im Anlagenbau sind wir ein qualifizierter Partner f\u00fcr Ihre Anliegen.<\/p>\n<\/div><\/section><\/div>\n<style type=\"text\/css\" data-created_by=\"avia_inline_auto\" id=\"style-css-av-apdn0-5486cb9eff7e8754bfd4b6fba76c1f02\">\n.flex_column.av-apdn0-5486cb9eff7e8754bfd4b6fba76c1f02{\nborder-radius:0px 0px 0px 0px;\npadding:0px 0px 0px 0px;\n}\n<\/style>\n<div  class='flex_column av-apdn0-5486cb9eff7e8754bfd4b6fba76c1f02 av_one_half  avia-builder-el-4  el_after_av_one_half  avia-builder-el-last  flex_column_div av-zero-column-padding  '     ><p>\n<style type=\"text\/css\" data-created_by=\"avia_inline_auto\" id=\"style-css-av-av_heading-314aa09efa9424abe44016a2b2f21215\">\n#top .av-special-heading.av-av_heading-314aa09efa9424abe44016a2b2f21215{\npadding-bottom:10px;\n}\nbody .av-special-heading.av-av_heading-314aa09efa9424abe44016a2b2f21215 .av-special-heading-tag .heading-char{\nfont-size:25px;\n}\n.av-special-heading.av-av_heading-314aa09efa9424abe44016a2b2f21215 .av-subheading{\nfont-size:15px;\n}\n<\/style>\n<div  class='av-special-heading av-av_heading-314aa09efa9424abe44016a2b2f21215 av-special-heading-h3 blockquote modern-quote  avia-builder-el-5  el_before_av_image  avia-builder-el-first '><h3 class='av-special-heading-tag '  itemprop=\"headline\"  >Mechanisch.- <span class='special_amp'>&amp;<\/span> pneumatische F\u00f6rdertechnik<\/h3><div class=\"special-heading-border\"><div class=\"special-heading-inner-border\"><\/div><\/div><\/div><br \/>\n\n<style type=\"text\/css\" data-created_by=\"avia_inline_auto\" id=\"style-css-av-ju3nqgjk-91f7a42dc575307a1a073f5c0e923427\">\n.avia-image-container.av-ju3nqgjk-91f7a42dc575307a1a073f5c0e923427 img.avia_image{\nbox-shadow:none;\n}\n.avia-image-container.av-ju3nqgjk-91f7a42dc575307a1a073f5c0e923427 .av-image-caption-overlay-center{\ncolor:#ffffff;\n}\n<\/style>\n<div  class='avia-image-container av-ju3nqgjk-91f7a42dc575307a1a073f5c0e923427 av-styling- avia-align-center  avia-builder-el-6  el_after_av_heading  avia-builder-el-last '   itemprop=\"image\" itemscope=\"itemscope\" itemtype=\"https:\/\/schema.org\/ImageObject\" ><div class=\"avia-image-container-inner\"><div class=\"avia-image-overlay-wrap\"><img fetchpriority=\"high\" class='wp-image-237 avia-img-lazy-loading-not-237 avia_image ' src='https:\/\/edtkg8gjuxx.exactdn.com\/wp-content\/uploads\/2019\/04\/anlagenbau-1030x642.png?strip=all&fit=1030%2C642' alt='' title='anlagenbau'  height=\"642\" width=\"1030\"  itemprop=\"thumbnailUrl\"  \/><\/div><\/div><\/div><\/p><\/div><\/div><\/div><\/main><!-- close content main element --><\/div><\/div>\n<style type=\"text\/css\" data-created_by=\"avia_inline_auto\" id=\"style-css-av-4k0g0-d35d7297d7e07888a58963467b1f24a0\">\n.avia-section.av-4k0g0-d35d7297d7e07888a58963467b1f24a0{\nbackground-color:#efefef;\nbackground-image:unset;\n}\n<\/style>\n<div id='av_section_2'  class='avia-section av-4k0g0-d35d7297d7e07888a58963467b1f24a0 main_color avia-section-default avia-no-shadow  avia-builder-el-7  el_after_av_section  el_before_av_section  avia-bg-style-scroll container_wrap sidebar_right'  ><div class='container av-section-cont-open' ><div class='template-page content  av-content-small alpha units'><div class='post-entry post-entry-type-page post-entry-236'><div class='entry-content-wrapper clearfix'>\n\n<style type=\"text\/css\" data-created_by=\"avia_inline_auto\" id=\"style-css-av-44gvk-8cb7c002583cee72d34babf7cffc8401\">\n.flex_column.av-44gvk-8cb7c002583cee72d34babf7cffc8401{\nborder-radius:0px 0px 0px 0px;\npadding:0px 0px 0px 0px;\n}\n<\/style>\n<div  class='flex_column av-44gvk-8cb7c002583cee72d34babf7cffc8401 av_one_half  avia-builder-el-8  el_before_av_one_half  avia-builder-el-first  first flex_column_div av-zero-column-padding  '     ><p>\n<style type=\"text\/css\" data-created_by=\"avia_inline_auto\" id=\"style-css-av-1ndj0-2ab39dd17421fff0c22506de46695386\">\n#top .av-special-heading.av-1ndj0-2ab39dd17421fff0c22506de46695386{\npadding-bottom:10px;\n}\nbody .av-special-heading.av-1ndj0-2ab39dd17421fff0c22506de46695386 .av-special-heading-tag .heading-char{\nfont-size:25px;\n}\n.av-special-heading.av-1ndj0-2ab39dd17421fff0c22506de46695386 .av-subheading{\nfont-size:15px;\n}\n<\/style>\n<div  class='av-special-heading av-1ndj0-2ab39dd17421fff0c22506de46695386 av-special-heading-h3 blockquote modern-quote  avia-builder-el-9  el_before_av_textblock  avia-builder-el-first '><h3 class='av-special-heading-tag '  itemprop=\"headline\"  >Anlagenbau<\/h3><div class=\"special-heading-border\"><div class=\"special-heading-inner-border\"><\/div><\/div><\/div><br \/>\n<section  class='av_textblock_section av-ju3niwj3-8ec664fdbe8310f84f1c3895faf610e7 '   itemscope=\"itemscope\" itemtype=\"https:\/\/schema.org\/CreativeWork\" ><div class='avia_textblock'  itemprop=\"text\" ><p>Die zuverl\u00e4ssige F\u00f6rderung von Betriebs \u2013 und Abfallstoffen in einer industriellen Anlage stellen hohe Anspr\u00fcche\u00a0 an das eingesetzte Material und die technische Ausf\u00fchrung.<\/p>\n<p>Im Anlagenbau realisieren wir mechanische und pneumatische F\u00f6rderanlagen f\u00fcr Kraftwerke, M\u00fcllverbrennungsanlagen und Zementwerke.<\/p>\n<p>Mit unseren massgeschneiderten Konzepten bieten wir unseren Kunden qualitativ hochwertige Gesamtl\u00f6sungen.<\/p>\n<\/div><\/section><br \/>\n\n<style type=\"text\/css\" data-created_by=\"avia_inline_auto\" id=\"style-css-av-ju3nqgjk-12593674fd51b9f8285099509cdc3512\">\n.avia-image-container.av-ju3nqgjk-12593674fd51b9f8285099509cdc3512 img.avia_image{\nbox-shadow:none;\n}\n.avia-image-container.av-ju3nqgjk-12593674fd51b9f8285099509cdc3512 .av-image-caption-overlay-center{\ncolor:#ffffff;\n}\n<\/style>\n<div  class='avia-image-container av-ju3nqgjk-12593674fd51b9f8285099509cdc3512 av-styling- avia-align-left  avia-builder-el-11  el_after_av_textblock  avia-builder-el-last '   itemprop=\"image\" itemscope=\"itemscope\" itemtype=\"https:\/\/schema.org\/ImageObject\" ><div class=\"avia-image-container-inner\"><div class=\"avia-image-overlay-wrap\"><img fetchpriority=\"high\" class='wp-image-243 avia-img-lazy-loading-not-243 avia_image ' src='https:\/\/edtkg8gjuxx.exactdn.com\/wp-content\/uploads\/2019\/04\/anlagenbau2-300x208.jpg?strip=all&fit=300%2C208' alt='' title='anlagenbau2'  height=\"208\" width=\"300\"  itemprop=\"thumbnailUrl\"  \/><\/div><\/div><\/div><\/p><\/div>\n<style type=\"text\/css\" data-created_by=\"avia_inline_auto\" id=\"style-css-av-44gvk-47d04058741100a0ece126508d369def\">\n.flex_column.av-44gvk-47d04058741100a0ece126508d369def{\nborder-radius:0px 0px 0px 0px;\npadding:0px 0px 0px 0px;\n}\n<\/style>\n<div  class='flex_column av-44gvk-47d04058741100a0ece126508d369def av_one_half  avia-builder-el-12  el_after_av_one_half  avia-builder-el-last  flex_column_div av-zero-column-padding  '     ><p>\n<style type=\"text\/css\" data-created_by=\"avia_inline_auto\" id=\"style-css-av-86804-719508a2af9096a7750153cd97f76152\">\n#top .av-special-heading.av-86804-719508a2af9096a7750153cd97f76152{\npadding-bottom:10px;\n}\nbody .av-special-heading.av-86804-719508a2af9096a7750153cd97f76152 .av-special-heading-tag .heading-char{\nfont-size:25px;\n}\n.av-special-heading.av-86804-719508a2af9096a7750153cd97f76152 .av-subheading{\nfont-size:15px;\n}\n<\/style>\n<div  class='av-special-heading av-86804-719508a2af9096a7750153cd97f76152 av-special-heading-h3 blockquote modern-quote  avia-builder-el-13  el_before_av_textblock  avia-builder-el-first '><h3 class='av-special-heading-tag '  itemprop=\"headline\"  >Sanierungen<\/h3><div class=\"special-heading-border\"><div class=\"special-heading-inner-border\"><\/div><\/div><\/div><br \/>\n<section  class='av_textblock_section av-ju3nj57e-20de280ca37f237be497e3bab10696e8 '   itemscope=\"itemscope\" itemtype=\"https:\/\/schema.org\/CreativeWork\" ><div class='avia_textblock'  itemprop=\"text\" ><p>Wir optimieren und modernisieren ihre bestehenden F\u00f6rdereinrichtungen und bringen sie\u00a0 auf den neusten Stand der Technik. Dank unserer Erfahrung und unseren flexiblen Konzepten erhalten Sie innovativen Gesamtl\u00f6sungen f\u00fcr Ihre spezifischen Anforderungen. So profitieren\u00a0 Sie von<\/p>\n<ul>\n<li>einem wirtschaftlicheren Betrieb<\/li>\n<li>einer h\u00f6heren Verf\u00fcgbarkeit<\/li>\n<li>niedrigeren Unterhaltskosten.<\/li>\n<\/ul>\n<\/div><\/section><br \/>\n\n<style type=\"text\/css\" data-created_by=\"avia_inline_auto\" id=\"style-css-av-ju3nqgjk-a93d0912f5301301a2645eea8b937fcf\">\n.avia-image-container.av-ju3nqgjk-a93d0912f5301301a2645eea8b937fcf img.avia_image{\nbox-shadow:none;\n}\n.avia-image-container.av-ju3nqgjk-a93d0912f5301301a2645eea8b937fcf .av-image-caption-overlay-center{\ncolor:#ffffff;\n}\n<\/style>\n<div  class='avia-image-container av-ju3nqgjk-a93d0912f5301301a2645eea8b937fcf av-styling- avia-align-left  avia-builder-el-15  el_after_av_textblock  avia-builder-el-last '   itemprop=\"image\" itemscope=\"itemscope\" itemtype=\"https:\/\/schema.org\/ImageObject\" ><div class=\"avia-image-container-inner\"><div class=\"avia-image-overlay-wrap\"><img fetchpriority=\"high\" class='wp-image-246 avia-img-lazy-loading-not-246 avia_image ' src='https:\/\/edtkg8gjuxx.exactdn.com\/wp-content\/uploads\/2019\/04\/sanierung.jpg?strip=all&fit=285%2C205' alt='' title='sanierung'  height=\"205\" width=\"285\"  itemprop=\"thumbnailUrl\"  \/><\/div><\/div><\/div><\/p><\/div>\n<\/p>\n<\/div><\/div><\/div><!-- close content main div --><\/div><\/div><div id='av_section_3'  class='avia-section av-509xs-fbfbdc570cfe18d8bf13f98db00a6a7e main_color avia-section-default avia-no-shadow  avia-builder-el-16  el_after_av_section  avia-builder-el-last  avia-bg-style-scroll container_wrap sidebar_right'  ><div class='container av-section-cont-open' ><div class='template-page content  av-content-small alpha units'><div class='post-entry post-entry-type-page post-entry-236'><div class='entry-content-wrapper clearfix'>\n\n<style type=\"text\/css\" data-created_by=\"avia_inline_auto\" id=\"style-css-av-apdn0-b3127420bbaa829ab98a2a53af1737b1\">\n.flex_column.av-apdn0-b3127420bbaa829ab98a2a53af1737b1{\nborder-radius:0px 0px 0px 0px;\npadding:0px 0px 0px 0px;\n}\n<\/style>\n<div  class='flex_column av-apdn0-b3127420bbaa829ab98a2a53af1737b1 av_one_half  avia-builder-el-17  el_before_av_one_half  avia-builder-el-first  first flex_column_div av-zero-column-padding  '     ><p>\n<style type=\"text\/css\" data-created_by=\"avia_inline_auto\" id=\"style-css-av-bjxy4-f893c6492b4d001016cbaf5b4bc2b2f6\">\n#top .av-special-heading.av-bjxy4-f893c6492b4d001016cbaf5b4bc2b2f6{\npadding-bottom:10px;\n}\nbody .av-special-heading.av-bjxy4-f893c6492b4d001016cbaf5b4bc2b2f6 .av-special-heading-tag .heading-char{\nfont-size:25px;\n}\n.av-special-heading.av-bjxy4-f893c6492b4d001016cbaf5b4bc2b2f6 .av-subheading{\nfont-size:15px;\n}\n<\/style>\n<div  class='av-special-heading av-bjxy4-f893c6492b4d001016cbaf5b4bc2b2f6 av-special-heading-h3 blockquote modern-quote  avia-builder-el-18  el_before_av_textblock  avia-builder-el-first '><h3 class='av-special-heading-tag '  itemprop=\"headline\"  >Instandhaltung<\/h3><div class=\"special-heading-border\"><div class=\"special-heading-inner-border\"><\/div><\/div><\/div><br \/>\n<section  class='av_textblock_section av-ju3niwj3-8ec664fdbe8310f84f1c3895faf610e7 '   itemscope=\"itemscope\" itemtype=\"https:\/\/schema.org\/CreativeWork\" ><div class='avia_textblock'  itemprop=\"text\" ><p>Ihre F\u00f6rdersysteme sind starke mechanischen und thermischen Belastungen ausgesetzt. Ein unerwarteter Anlagenstillstand f\u00fchrt zu Produktionsausfall und hohen Folgekosten. Ein regelm\u00e4ssiger Service garantiert minimale Stillstandzeiten und eine lange Lebensdauer der gesamten Anlage.<\/p>\n<p>Wir bedienen Sie mit qualitativ hochwertigen Ersatzteilen und \u00fcbernehmen den Unterhalt f\u00fcr Eigen- sowie f\u00fcr Fremdkomponenten.<\/p>\n<\/div><\/section><\/p><\/div>\n<style type=\"text\/css\" data-created_by=\"avia_inline_auto\" id=\"style-css-av-apdn0-5486cb9eff7e8754bfd4b6fba76c1f02\">\n.flex_column.av-apdn0-5486cb9eff7e8754bfd4b6fba76c1f02{\nborder-radius:0px 0px 0px 0px;\npadding:0px 0px 0px 0px;\n}\n<\/style>\n<div  class='flex_column av-apdn0-5486cb9eff7e8754bfd4b6fba76c1f02 av_one_half  avia-builder-el-20  el_after_av_one_half  avia-builder-el-last  flex_column_div av-zero-column-padding  '     ><style type=\"text\/css\" data-created_by=\"avia_inline_auto\" id=\"style-css-av-ju3nqgjk-5ff08b7f12caffba0217314ccd7c52b0\">\n.avia-image-container.av-ju3nqgjk-5ff08b7f12caffba0217314ccd7c52b0 img.avia_image{\nbox-shadow:none;\n}\n.avia-image-container.av-ju3nqgjk-5ff08b7f12caffba0217314ccd7c52b0 .av-image-caption-overlay-center{\ncolor:#ffffff;\n}\n<\/style>\n<div  class='avia-image-container av-ju3nqgjk-5ff08b7f12caffba0217314ccd7c52b0 av-styling- avia-align-left  avia-builder-el-21  avia-builder-el-no-sibling '   itemprop=\"image\" itemscope=\"itemscope\" itemtype=\"https:\/\/schema.org\/ImageObject\" ><div class=\"avia-image-container-inner\"><div class=\"avia-image-overlay-wrap\"><img fetchpriority=\"high\" class='wp-image-255 avia-img-lazy-loading-not-255 avia_image ' src='https:\/\/edtkg8gjuxx.exactdn.com\/wp-content\/uploads\/2019\/04\/Instandhaltung.jpg?strip=all&fit=254%2C191' alt='' title='Instandhaltung'  height=\"191\" width=\"254\"  itemprop=\"thumbnailUrl\"  \/><\/div><\/div><\/div><\/div>\n<\/div><\/div><\/div><!-- close content main div --><\/div><\/div><div id='after_section_3'  class='main_color av_default_container_wrap container_wrap sidebar_right'  ><div class='container av-section-cont-open' ><div class='template-page content  av-content-small alpha units'><div class='post-entry post-entry-type-page post-entry-236'><div class='entry-content-wrapper clearfix'>\n","protected":false},"excerpt":{"rendered":"","protected":false},"author":1,"featured_media":0,"parent":233,"menu_order":0,"comment_status":"closed","ping_status":"closed","template":"","meta":{"footnotes":""},"class_list":["post-236","page","type-page","status-publish","hentry"],"_links":{"self":[{"href":"https:\/\/www.inoteq.fr\/de\/wp-json\/wp\/v2\/pages\/236"}],"collection":[{"href":"https:\/\/www.inoteq.fr\/de\/wp-json\/wp\/v2\/pages"}],"about":[{"href":"https:\/\/www.inoteq.fr\/de\/wp-json\/wp\/v2\/types\/page"}],"author":[{"embeddable":true,"href":"https:\/\/www.inoteq.fr\/de\/wp-json\/wp\/v2\/users\/1"}],"replies":[{"embeddable":true,"href":"https:\/\/www.inoteq.fr\/de\/wp-json\/wp\/v2\/comments?post=236"}],"version-history":[{"count":7,"href":"https:\/\/www.inoteq.fr\/de\/wp-json\/wp\/v2\/pages\/236\/revisions"}],"predecessor-version":[{"id":305,"href":"https:\/\/www.inoteq.fr\/de\/wp-json\/wp\/v2\/pages\/236\/revisions\/305"}],"up":[{"embeddable":true,"href":"https:\/\/www.inoteq.fr\/de\/wp-json\/wp\/v2\/pages\/233"}],"wp:attachment":[{"href":"https:\/\/www.inoteq.fr\/de\/wp-json\/wp\/v2\/media?parent=236"}],"curies":[{"name":"wp","href":"https:\/\/api.w.org\/{rel}","templated":true}]}}